{"id":1843,"date":"2022-12-21T11:21:04","date_gmt":"2022-12-21T08:21:04","guid":{"rendered":"https:\/\/www.kroonpress.eu\/?page_id=1843"},"modified":"2023-05-12T12:53:23","modified_gmt":"2023-05-12T09:53:23","slug":"kliendiabi","status":"publish","type":"page","link":"https:\/\/www.kroonpress.eu\/et\/kliendiabi\/","title":{"rendered":"Kliendiabi"},"content":{"rendered":"\n<p>\u00d5ige tr\u00fckiettevalmistus on kvaliteetsete tr\u00fckiste tootmiseks v\u00e4ga oluline, sest see tagab, et l\u00f5pptoode on kena v\u00e4limusega, t\u00e4pne ja veatu. Tr\u00fckiks failide ettevalmistamine h\u00f5lmab erinevaid tegevusi nagu k\u00fcljendamine, pildit\u00f6\u00f6tlus ja v\u00e4rvihaldus. Korrektne tr\u00fckiettevalmistus m\u00f5jutab oluliselt v\u00e4ljaande kvaliteeti, v\u00e4ljendab tr\u00fckise v\u00e4ljaandja professionaalsust ja toetab tema head mainet.<\/p>\n","protected":false},"excerpt":{"rendered":"\u00d5ige tr\u00fckiettevalmistus on kvaliteetsete tr\u00fckiste tootmiseks v\u00e4ga oluline, sest see tagab, et l\u00f5pptoode on kena v\u00e4limusega, t\u00e4pne ja veatu. Tr\u00fckiks failide ettevalmistamine h\u00f5lmab erinevaid tegevusi nagu k\u00fcljendamine, pildit\u00f6\u00f6tlus ja v\u00e4rvihaldus. Korrektne tr\u00fckiettevalmistus m\u00f5jutab oluliselt v\u00e4ljaande kvaliteeti, v\u00e4ljendab tr\u00fckise v\u00e4ljaandja professionaalsust ja toetab tema head mainet.","protected":false},"author":1,"featured_media":2157,"parent":0,"menu_order":0,"comment_status":"closed","ping_status":"closed","template":"template-support.php","meta":{"_acf_changed":false,"footnotes":""},"class_list":["post-1843","page","type-page","status-publish","has-post-thumbnail","hentry"],"acf":[],"yoast_head":"<!-- This site is optimized with the Yoast SEO plugin v27.5 - https:\/\/yoast.com\/product\/yoast-seo-wordpress\/ -->\n<title>Kliendiabi | Kroonpress<\/title>\n<meta name=\"robots\" content=\"index, follow, max-snippet:-1, max-image-preview:large, max-video-preview:-1\" \/>\n<link rel=\"canonical\" href=\"https:\/\/www.kroonpress.eu\/et\/kliendiabi\/\" \/>\n<meta property=\"og:locale\" content=\"et_EE\" \/>\n<meta property=\"og:type\" content=\"article\" \/>\n<meta property=\"og:title\" content=\"Kliendiabi | Kroonpress\" \/>\n<meta property=\"og:description\" content=\"\u00d5ige tr\u00fckiettevalmistus on kvaliteetsete tr\u00fckiste tootmiseks v\u00e4ga oluline, sest see tagab, et l\u00f5pptoode on kena v\u00e4limusega, t\u00e4pne ja veatu. Tr\u00fckiks failide ettevalmistamine h\u00f5lmab erinevaid tegevusi nagu k\u00fcljendamine, pildit\u00f6\u00f6tlus ja v\u00e4rvihaldus. Korrektne tr\u00fckiettevalmistus m\u00f5jutab oluliselt v\u00e4ljaande kvaliteeti, v\u00e4ljendab tr\u00fckise v\u00e4ljaandja professionaalsust ja toetab tema head mainet.\" \/>\n<meta property=\"og:url\" content=\"https:\/\/www.kroonpress.eu\/et\/kliendiabi\/\" \/>\n<meta property=\"og:site_name\" content=\"Kroonpress\" \/>\n<meta property=\"article:modified_time\" content=\"2023-05-12T09:53:23+00:00\" \/>\n<meta property=\"og:image\" content=\"https:\/\/www.kroonpress.eu\/wp-content\/uploads\/2023\/04\/mika-baumeister-gjPSrg4xSNM-unsplash-552x552-1.jpg\" \/>\n\t<meta property=\"og:image:width\" content=\"552\" \/>\n\t<meta property=\"og:image:height\" content=\"552\" \/>\n\t<meta property=\"og:image:type\" content=\"image\/jpeg\" \/>\n<meta name=\"twitter:card\" content=\"summary_large_image\" \/>\n<meta name=\"twitter:label1\" content=\"Est. reading time\" \/>\n\t<meta name=\"twitter:data1\" content=\"1 minut\" \/>\n<script type=\"application\/ld+json\" class=\"yoast-schema-graph\">{\"@context\":\"https:\\\/\\\/schema.org\",\"@graph\":[{\"@type\":\"WebPage\",\"@id\":\"https:\\\/\\\/www.kroonpress.eu\\\/et\\\/kliendiabi\\\/\",\"url\":\"https:\\\/\\\/www.kroonpress.eu\\\/et\\\/kliendiabi\\\/\",\"name\":\"Kliendiabi | Kroonpress\",\"isPartOf\":{\"@id\":\"https:\\\/\\\/www.kroonpress.eu\\\/et\\\/#website\"},\"primaryImageOfPage\":{\"@id\":\"https:\\\/\\\/www.kroonpress.eu\\\/et\\\/kliendiabi\\\/#primaryimage\"},\"image\":{\"@id\":\"https:\\\/\\\/www.kroonpress.eu\\\/et\\\/kliendiabi\\\/#primaryimage\"},\"thumbnailUrl\":\"https:\\\/\\\/www.kroonpress.eu\\\/wp-content\\\/uploads\\\/2023\\\/04\\\/mika-baumeister-gjPSrg4xSNM-unsplash-552x552-1.jpg\",\"datePublished\":\"2022-12-21T08:21:04+00:00\",\"dateModified\":\"2023-05-12T09:53:23+00:00\",\"breadcrumb\":{\"@id\":\"https:\\\/\\\/www.kroonpress.eu\\\/et\\\/kliendiabi\\\/#breadcrumb\"},\"inLanguage\":\"et\",\"potentialAction\":[{\"@type\":\"ReadAction\",\"target\":[\"https:\\\/\\\/www.kroonpress.eu\\\/et\\\/kliendiabi\\\/\"]}]},{\"@type\":\"ImageObject\",\"inLanguage\":\"et\",\"@id\":\"https:\\\/\\\/www.kroonpress.eu\\\/et\\\/kliendiabi\\\/#primaryimage\",\"url\":\"https:\\\/\\\/www.kroonpress.eu\\\/wp-content\\\/uploads\\\/2023\\\/04\\\/mika-baumeister-gjPSrg4xSNM-unsplash-552x552-1.jpg\",\"contentUrl\":\"https:\\\/\\\/www.kroonpress.eu\\\/wp-content\\\/uploads\\\/2023\\\/04\\\/mika-baumeister-gjPSrg4xSNM-unsplash-552x552-1.jpg\",\"width\":552,\"height\":552},{\"@type\":\"BreadcrumbList\",\"@id\":\"https:\\\/\\\/www.kroonpress.eu\\\/et\\\/kliendiabi\\\/#breadcrumb\",\"itemListElement\":[{\"@type\":\"ListItem\",\"position\":1,\"name\":\"Home\",\"item\":\"https:\\\/\\\/www.kroonpress.eu\\\/et\\\/\"},{\"@type\":\"ListItem\",\"position\":2,\"name\":\"Kliendiabi\"}]},{\"@type\":\"WebSite\",\"@id\":\"https:\\\/\\\/www.kroonpress.eu\\\/et\\\/#website\",\"url\":\"https:\\\/\\\/www.kroonpress.eu\\\/et\\\/\",\"name\":\"Kroonpress\",\"description\":\"Kroonpress is specialised in the production of magazines, books, catalogues, newspapers and other large-volume advertising products.\",\"publisher\":{\"@id\":\"https:\\\/\\\/www.kroonpress.eu\\\/et\\\/#organization\"},\"potentialAction\":[{\"@type\":\"SearchAction\",\"target\":{\"@type\":\"EntryPoint\",\"urlTemplate\":\"https:\\\/\\\/www.kroonpress.eu\\\/et\\\/?s={search_term_string}\"},\"query-input\":{\"@type\":\"PropertyValueSpecification\",\"valueRequired\":true,\"valueName\":\"search_term_string\"}}],\"inLanguage\":\"et\"},{\"@type\":\"Organization\",\"@id\":\"https:\\\/\\\/www.kroonpress.eu\\\/et\\\/#organization\",\"name\":\"Kroonpress AS\",\"url\":\"https:\\\/\\\/www.kroonpress.eu\\\/et\\\/\",\"logo\":{\"@type\":\"ImageObject\",\"inLanguage\":\"et\",\"@id\":\"https:\\\/\\\/www.kroonpress.eu\\\/et\\\/#\\\/schema\\\/logo\\\/image\\\/\",\"url\":\"https:\\\/\\\/www.kroonpress.eu\\\/wp-content\\\/uploads\\\/2023\\\/01\\\/Union.png\",\"contentUrl\":\"https:\\\/\\\/www.kroonpress.eu\\\/wp-content\\\/uploads\\\/2023\\\/01\\\/Union.png\",\"width\":217,\"height\":29,\"caption\":\"Kroonpress AS\"},\"image\":{\"@id\":\"https:\\\/\\\/www.kroonpress.eu\\\/et\\\/#\\\/schema\\\/logo\\\/image\\\/\"}}]}<\/script>\n<!-- \/ Yoast SEO plugin. -->","yoast_head_json":{"title":"Kliendiabi | Kroonpress","robots":{"index":"index","follow":"follow","max-snippet":"max-snippet:-1","max-image-preview":"max-image-preview:large","max-video-preview":"max-video-preview:-1"},"canonical":"https:\/\/www.kroonpress.eu\/et\/kliendiabi\/","og_locale":"et_EE","og_type":"article","og_title":"Kliendiabi | Kroonpress","og_description":"\u00d5ige tr\u00fckiettevalmistus on kvaliteetsete tr\u00fckiste tootmiseks v\u00e4ga oluline, sest see tagab, et l\u00f5pptoode on kena v\u00e4limusega, t\u00e4pne ja veatu. Tr\u00fckiks failide ettevalmistamine h\u00f5lmab erinevaid tegevusi nagu k\u00fcljendamine, pildit\u00f6\u00f6tlus ja v\u00e4rvihaldus. Korrektne tr\u00fckiettevalmistus m\u00f5jutab oluliselt v\u00e4ljaande kvaliteeti, v\u00e4ljendab tr\u00fckise v\u00e4ljaandja professionaalsust ja toetab tema head mainet.","og_url":"https:\/\/www.kroonpress.eu\/et\/kliendiabi\/","og_site_name":"Kroonpress","article_modified_time":"2023-05-12T09:53:23+00:00","og_image":[{"width":552,"height":552,"url":"https:\/\/www.kroonpress.eu\/wp-content\/uploads\/2023\/04\/mika-baumeister-gjPSrg4xSNM-unsplash-552x552-1.jpg","type":"image\/jpeg"}],"twitter_card":"summary_large_image","twitter_misc":{"Est. reading time":"1 minut"},"schema":{"@context":"https:\/\/schema.org","@graph":[{"@type":"WebPage","@id":"https:\/\/www.kroonpress.eu\/et\/kliendiabi\/","url":"https:\/\/www.kroonpress.eu\/et\/kliendiabi\/","name":"Kliendiabi | Kroonpress","isPartOf":{"@id":"https:\/\/www.kroonpress.eu\/et\/#website"},"primaryImageOfPage":{"@id":"https:\/\/www.kroonpress.eu\/et\/kliendiabi\/#primaryimage"},"image":{"@id":"https:\/\/www.kroonpress.eu\/et\/kliendiabi\/#primaryimage"},"thumbnailUrl":"https:\/\/www.kroonpress.eu\/wp-content\/uploads\/2023\/04\/mika-baumeister-gjPSrg4xSNM-unsplash-552x552-1.jpg","datePublished":"2022-12-21T08:21:04+00:00","dateModified":"2023-05-12T09:53:23+00:00","breadcrumb":{"@id":"https:\/\/www.kroonpress.eu\/et\/kliendiabi\/#breadcrumb"},"inLanguage":"et","potentialAction":[{"@type":"ReadAction","target":["https:\/\/www.kroonpress.eu\/et\/kliendiabi\/"]}]},{"@type":"ImageObject","inLanguage":"et","@id":"https:\/\/www.kroonpress.eu\/et\/kliendiabi\/#primaryimage","url":"https:\/\/www.kroonpress.eu\/wp-content\/uploads\/2023\/04\/mika-baumeister-gjPSrg4xSNM-unsplash-552x552-1.jpg","contentUrl":"https:\/\/www.kroonpress.eu\/wp-content\/uploads\/2023\/04\/mika-baumeister-gjPSrg4xSNM-unsplash-552x552-1.jpg","width":552,"height":552},{"@type":"BreadcrumbList","@id":"https:\/\/www.kroonpress.eu\/et\/kliendiabi\/#breadcrumb","itemListElement":[{"@type":"ListItem","position":1,"name":"Home","item":"https:\/\/www.kroonpress.eu\/et\/"},{"@type":"ListItem","position":2,"name":"Kliendiabi"}]},{"@type":"WebSite","@id":"https:\/\/www.kroonpress.eu\/et\/#website","url":"https:\/\/www.kroonpress.eu\/et\/","name":"Kroonpress","description":"Kroonpress is specialised in the production of magazines, books, catalogues, newspapers and other large-volume advertising products.","publisher":{"@id":"https:\/\/www.kroonpress.eu\/et\/#organization"},"potentialAction":[{"@type":"SearchAction","target":{"@type":"EntryPoint","urlTemplate":"https:\/\/www.kroonpress.eu\/et\/?s={search_term_string}"},"query-input":{"@type":"PropertyValueSpecification","valueRequired":true,"valueName":"search_term_string"}}],"inLanguage":"et"},{"@type":"Organization","@id":"https:\/\/www.kroonpress.eu\/et\/#organization","name":"Kroonpress AS","url":"https:\/\/www.kroonpress.eu\/et\/","logo":{"@type":"ImageObject","inLanguage":"et","@id":"https:\/\/www.kroonpress.eu\/et\/#\/schema\/logo\/image\/","url":"https:\/\/www.kroonpress.eu\/wp-content\/uploads\/2023\/01\/Union.png","contentUrl":"https:\/\/www.kroonpress.eu\/wp-content\/uploads\/2023\/01\/Union.png","width":217,"height":29,"caption":"Kroonpress AS"},"image":{"@id":"https:\/\/www.kroonpress.eu\/et\/#\/schema\/logo\/image\/"}}]}},"_links":{"self":[{"href":"https:\/\/www.kroonpress.eu\/et\/wp-json\/wp\/v2\/pages\/1843","targetHints":{"allow":["GET"]}}],"collection":[{"href":"https:\/\/www.kroonpress.eu\/et\/wp-json\/wp\/v2\/pages"}],"about":[{"href":"https:\/\/www.kroonpress.eu\/et\/wp-json\/wp\/v2\/types\/page"}],"author":[{"embeddable":true,"href":"https:\/\/www.kroonpress.eu\/et\/wp-json\/wp\/v2\/users\/1"}],"replies":[{"embeddable":true,"href":"https:\/\/www.kroonpress.eu\/et\/wp-json\/wp\/v2\/comments?post=1843"}],"version-history":[{"count":11,"href":"https:\/\/www.kroonpress.eu\/et\/wp-json\/wp\/v2\/pages\/1843\/revisions"}],"predecessor-version":[{"id":2650,"href":"https:\/\/www.kroonpress.eu\/et\/wp-json\/wp\/v2\/pages\/1843\/revisions\/2650"}],"wp:featuredmedia":[{"embeddable":true,"href":"https:\/\/www.kroonpress.eu\/et\/wp-json\/wp\/v2\/media\/2157"}],"wp:attachment":[{"href":"https:\/\/www.kroonpress.eu\/et\/wp-json\/wp\/v2\/media?parent=1843"}],"curies":[{"name":"wp","href":"https:\/\/api.w.org\/{rel}","templated":true}]}}