{"id":1841,"date":"2022-11-01T19:41:03","date_gmt":"2022-11-01T16:41:03","guid":{"rendered":"https:\/\/www.kroonpress.eu\/?page_id=1841"},"modified":"2025-08-13T14:37:07","modified_gmt":"2025-08-13T11:37:07","slug":"teenused","status":"publish","type":"page","link":"https:\/\/www.kroonpress.eu\/et\/teenused\/","title":{"rendered":"Teenused"},"content":{"rendered":"\n<p>Oleme spetsialiseerunud kataloogide, ajalehtede ja muude suuremahuliste reklaamtr\u00fckiste tootmisele. Meie v\u00e4lja\u00f5ppinud t\u00f6\u00f6tajad pakuvad t\u00e4ielikku tr\u00fckiteenust alates tr\u00fckiettevalmistusest kuni tr\u00fckkimise ja transpordini.<\/p>\n\n\n\n<p><\/p>\n","protected":false},"excerpt":{"rendered":"Oleme spetsialiseerunud kataloogide, ajalehtede ja muude suuremahuliste reklaamtr\u00fckiste tootmisele. Meie v\u00e4lja\u00f5ppinud t\u00f6\u00f6tajad pakuvad t\u00e4ielikku tr\u00fckiteenust alates tr\u00fckiettevalmistusest kuni tr\u00fckkimise ja transpordini.","protected":false},"author":1,"featured_media":2500,"parent":0,"menu_order":0,"comment_status":"closed","ping_status":"closed","template":"template-services.php","meta":{"_acf_changed":false,"footnotes":""},"class_list":["post-1841","page","type-page","status-publish","has-post-thumbnail","hentry"],"acf":[],"yoast_head":"<!-- This site is optimized with the Yoast SEO plugin v27.4 - https:\/\/yoast.com\/product\/yoast-seo-wordpress\/ -->\n<title>Teenused | Kroonpress<\/title>\n<meta name=\"robots\" content=\"index, follow, max-snippet:-1, max-image-preview:large, max-video-preview:-1\" \/>\n<link rel=\"canonical\" href=\"https:\/\/www.kroonpress.eu\/et\/teenused\/\" \/>\n<meta property=\"og:locale\" content=\"et_EE\" \/>\n<meta property=\"og:type\" content=\"article\" \/>\n<meta property=\"og:title\" content=\"Teenused | Kroonpress\" \/>\n<meta property=\"og:description\" content=\"Oleme spetsialiseerunud kataloogide, ajalehtede ja muude suuremahuliste reklaamtr\u00fckiste tootmisele. Meie v\u00e4lja\u00f5ppinud t\u00f6\u00f6tajad pakuvad t\u00e4ielikku tr\u00fckiteenust alates tr\u00fckiettevalmistusest kuni tr\u00fckkimise ja transpordini.\" \/>\n<meta property=\"og:url\" content=\"https:\/\/www.kroonpress.eu\/et\/teenused\/\" \/>\n<meta property=\"og:site_name\" content=\"Kroonpress\" \/>\n<meta property=\"article:modified_time\" content=\"2025-08-13T11:37:07+00:00\" \/>\n<meta property=\"og:image\" content=\"https:\/\/www.kroonpress.eu\/wp-content\/uploads\/2023\/05\/Kroonpress-prints-sq-552x552-1.jpg\" \/>\n\t<meta property=\"og:image:width\" content=\"552\" \/>\n\t<meta property=\"og:image:height\" content=\"552\" \/>\n\t<meta property=\"og:image:type\" content=\"image\/jpeg\" \/>\n<meta name=\"twitter:card\" content=\"summary_large_image\" \/>\n<meta name=\"twitter:label1\" content=\"Est. reading time\" \/>\n\t<meta name=\"twitter:data1\" content=\"1 minut\" \/>\n<script type=\"application\/ld+json\" class=\"yoast-schema-graph\">{\"@context\":\"https:\\\/\\\/schema.org\",\"@graph\":[{\"@type\":\"WebPage\",\"@id\":\"https:\\\/\\\/www.kroonpress.eu\\\/et\\\/teenused\\\/\",\"url\":\"https:\\\/\\\/www.kroonpress.eu\\\/et\\\/teenused\\\/\",\"name\":\"Teenused | Kroonpress\",\"isPartOf\":{\"@id\":\"https:\\\/\\\/www.kroonpress.eu\\\/et\\\/#website\"},\"primaryImageOfPage\":{\"@id\":\"https:\\\/\\\/www.kroonpress.eu\\\/et\\\/teenused\\\/#primaryimage\"},\"image\":{\"@id\":\"https:\\\/\\\/www.kroonpress.eu\\\/et\\\/teenused\\\/#primaryimage\"},\"thumbnailUrl\":\"https:\\\/\\\/www.kroonpress.eu\\\/wp-content\\\/uploads\\\/2023\\\/05\\\/Kroonpress-prints-sq-552x552-1.jpg\",\"datePublished\":\"2022-11-01T16:41:03+00:00\",\"dateModified\":\"2025-08-13T11:37:07+00:00\",\"breadcrumb\":{\"@id\":\"https:\\\/\\\/www.kroonpress.eu\\\/et\\\/teenused\\\/#breadcrumb\"},\"inLanguage\":\"et\",\"potentialAction\":[{\"@type\":\"ReadAction\",\"target\":[\"https:\\\/\\\/www.kroonpress.eu\\\/et\\\/teenused\\\/\"]}]},{\"@type\":\"ImageObject\",\"inLanguage\":\"et\",\"@id\":\"https:\\\/\\\/www.kroonpress.eu\\\/et\\\/teenused\\\/#primaryimage\",\"url\":\"https:\\\/\\\/www.kroonpress.eu\\\/wp-content\\\/uploads\\\/2023\\\/05\\\/Kroonpress-prints-sq-552x552-1.jpg\",\"contentUrl\":\"https:\\\/\\\/www.kroonpress.eu\\\/wp-content\\\/uploads\\\/2023\\\/05\\\/Kroonpress-prints-sq-552x552-1.jpg\",\"width\":552,\"height\":552},{\"@type\":\"BreadcrumbList\",\"@id\":\"https:\\\/\\\/www.kroonpress.eu\\\/et\\\/teenused\\\/#breadcrumb\",\"itemListElement\":[{\"@type\":\"ListItem\",\"position\":1,\"name\":\"Home\",\"item\":\"https:\\\/\\\/www.kroonpress.eu\\\/et\\\/\"},{\"@type\":\"ListItem\",\"position\":2,\"name\":\"Teenused\"}]},{\"@type\":\"WebSite\",\"@id\":\"https:\\\/\\\/www.kroonpress.eu\\\/et\\\/#website\",\"url\":\"https:\\\/\\\/www.kroonpress.eu\\\/et\\\/\",\"name\":\"Kroonpress\",\"description\":\"Kroonpress is specialised in the production of magazines, books, catalogues, newspapers and other large-volume advertising products.\",\"publisher\":{\"@id\":\"https:\\\/\\\/www.kroonpress.eu\\\/et\\\/#organization\"},\"potentialAction\":[{\"@type\":\"SearchAction\",\"target\":{\"@type\":\"EntryPoint\",\"urlTemplate\":\"https:\\\/\\\/www.kroonpress.eu\\\/et\\\/?s={search_term_string}\"},\"query-input\":{\"@type\":\"PropertyValueSpecification\",\"valueRequired\":true,\"valueName\":\"search_term_string\"}}],\"inLanguage\":\"et\"},{\"@type\":\"Organization\",\"@id\":\"https:\\\/\\\/www.kroonpress.eu\\\/et\\\/#organization\",\"name\":\"Kroonpress AS\",\"url\":\"https:\\\/\\\/www.kroonpress.eu\\\/et\\\/\",\"logo\":{\"@type\":\"ImageObject\",\"inLanguage\":\"et\",\"@id\":\"https:\\\/\\\/www.kroonpress.eu\\\/et\\\/#\\\/schema\\\/logo\\\/image\\\/\",\"url\":\"https:\\\/\\\/www.kroonpress.eu\\\/wp-content\\\/uploads\\\/2023\\\/01\\\/Union.png\",\"contentUrl\":\"https:\\\/\\\/www.kroonpress.eu\\\/wp-content\\\/uploads\\\/2023\\\/01\\\/Union.png\",\"width\":217,\"height\":29,\"caption\":\"Kroonpress AS\"},\"image\":{\"@id\":\"https:\\\/\\\/www.kroonpress.eu\\\/et\\\/#\\\/schema\\\/logo\\\/image\\\/\"}}]}<\/script>\n<!-- \/ Yoast SEO plugin. -->","yoast_head_json":{"title":"Teenused | Kroonpress","robots":{"index":"index","follow":"follow","max-snippet":"max-snippet:-1","max-image-preview":"max-image-preview:large","max-video-preview":"max-video-preview:-1"},"canonical":"https:\/\/www.kroonpress.eu\/et\/teenused\/","og_locale":"et_EE","og_type":"article","og_title":"Teenused | Kroonpress","og_description":"Oleme spetsialiseerunud kataloogide, ajalehtede ja muude suuremahuliste reklaamtr\u00fckiste tootmisele. Meie v\u00e4lja\u00f5ppinud t\u00f6\u00f6tajad pakuvad t\u00e4ielikku tr\u00fckiteenust alates tr\u00fckiettevalmistusest kuni tr\u00fckkimise ja transpordini.","og_url":"https:\/\/www.kroonpress.eu\/et\/teenused\/","og_site_name":"Kroonpress","article_modified_time":"2025-08-13T11:37:07+00:00","og_image":[{"width":552,"height":552,"url":"https:\/\/www.kroonpress.eu\/wp-content\/uploads\/2023\/05\/Kroonpress-prints-sq-552x552-1.jpg","type":"image\/jpeg"}],"twitter_card":"summary_large_image","twitter_misc":{"Est. reading time":"1 minut"},"schema":{"@context":"https:\/\/schema.org","@graph":[{"@type":"WebPage","@id":"https:\/\/www.kroonpress.eu\/et\/teenused\/","url":"https:\/\/www.kroonpress.eu\/et\/teenused\/","name":"Teenused | Kroonpress","isPartOf":{"@id":"https:\/\/www.kroonpress.eu\/et\/#website"},"primaryImageOfPage":{"@id":"https:\/\/www.kroonpress.eu\/et\/teenused\/#primaryimage"},"image":{"@id":"https:\/\/www.kroonpress.eu\/et\/teenused\/#primaryimage"},"thumbnailUrl":"https:\/\/www.kroonpress.eu\/wp-content\/uploads\/2023\/05\/Kroonpress-prints-sq-552x552-1.jpg","datePublished":"2022-11-01T16:41:03+00:00","dateModified":"2025-08-13T11:37:07+00:00","breadcrumb":{"@id":"https:\/\/www.kroonpress.eu\/et\/teenused\/#breadcrumb"},"inLanguage":"et","potentialAction":[{"@type":"ReadAction","target":["https:\/\/www.kroonpress.eu\/et\/teenused\/"]}]},{"@type":"ImageObject","inLanguage":"et","@id":"https:\/\/www.kroonpress.eu\/et\/teenused\/#primaryimage","url":"https:\/\/www.kroonpress.eu\/wp-content\/uploads\/2023\/05\/Kroonpress-prints-sq-552x552-1.jpg","contentUrl":"https:\/\/www.kroonpress.eu\/wp-content\/uploads\/2023\/05\/Kroonpress-prints-sq-552x552-1.jpg","width":552,"height":552},{"@type":"BreadcrumbList","@id":"https:\/\/www.kroonpress.eu\/et\/teenused\/#breadcrumb","itemListElement":[{"@type":"ListItem","position":1,"name":"Home","item":"https:\/\/www.kroonpress.eu\/et\/"},{"@type":"ListItem","position":2,"name":"Teenused"}]},{"@type":"WebSite","@id":"https:\/\/www.kroonpress.eu\/et\/#website","url":"https:\/\/www.kroonpress.eu\/et\/","name":"Kroonpress","description":"Kroonpress is specialised in the production of magazines, books, catalogues, newspapers and other large-volume advertising products.","publisher":{"@id":"https:\/\/www.kroonpress.eu\/et\/#organization"},"potentialAction":[{"@type":"SearchAction","target":{"@type":"EntryPoint","urlTemplate":"https:\/\/www.kroonpress.eu\/et\/?s={search_term_string}"},"query-input":{"@type":"PropertyValueSpecification","valueRequired":true,"valueName":"search_term_string"}}],"inLanguage":"et"},{"@type":"Organization","@id":"https:\/\/www.kroonpress.eu\/et\/#organization","name":"Kroonpress AS","url":"https:\/\/www.kroonpress.eu\/et\/","logo":{"@type":"ImageObject","inLanguage":"et","@id":"https:\/\/www.kroonpress.eu\/et\/#\/schema\/logo\/image\/","url":"https:\/\/www.kroonpress.eu\/wp-content\/uploads\/2023\/01\/Union.png","contentUrl":"https:\/\/www.kroonpress.eu\/wp-content\/uploads\/2023\/01\/Union.png","width":217,"height":29,"caption":"Kroonpress AS"},"image":{"@id":"https:\/\/www.kroonpress.eu\/et\/#\/schema\/logo\/image\/"}}]}},"_links":{"self":[{"href":"https:\/\/www.kroonpress.eu\/et\/wp-json\/wp\/v2\/pages\/1841","targetHints":{"allow":["GET"]}}],"collection":[{"href":"https:\/\/www.kroonpress.eu\/et\/wp-json\/wp\/v2\/pages"}],"about":[{"href":"https:\/\/www.kroonpress.eu\/et\/wp-json\/wp\/v2\/types\/page"}],"author":[{"embeddable":true,"href":"https:\/\/www.kroonpress.eu\/et\/wp-json\/wp\/v2\/users\/1"}],"replies":[{"embeddable":true,"href":"https:\/\/www.kroonpress.eu\/et\/wp-json\/wp\/v2\/comments?post=1841"}],"version-history":[{"count":12,"href":"https:\/\/www.kroonpress.eu\/et\/wp-json\/wp\/v2\/pages\/1841\/revisions"}],"predecessor-version":[{"id":3052,"href":"https:\/\/www.kroonpress.eu\/et\/wp-json\/wp\/v2\/pages\/1841\/revisions\/3052"}],"wp:featuredmedia":[{"embeddable":true,"href":"https:\/\/www.kroonpress.eu\/et\/wp-json\/wp\/v2\/media\/2500"}],"wp:attachment":[{"href":"https:\/\/www.kroonpress.eu\/et\/wp-json\/wp\/v2\/media?parent=1841"}],"curies":[{"name":"wp","href":"https:\/\/api.w.org\/{rel}","templated":true}]}}