{"id":1837,"date":"2022-09-27T10:40:04","date_gmt":"2022-09-27T07:40:04","guid":{"rendered":"https:\/\/www.kroonpress.eu\/?page_id=1837"},"modified":"2025-08-25T11:15:18","modified_gmt":"2025-08-25T08:15:18","slug":"ettevote","status":"publish","type":"page","link":"https:\/\/www.kroonpress.eu\/et\/ettevote\/","title":{"rendered":"Ettev\u00f5te"},"content":{"rendered":"\n<p>Oleme spetsialiseerunud ajalehtede ja muude suuremahuliste reklaamtr\u00fckiste ning teise p\u00f5hitegevusena j\u00e4tkusuutlike pakendite tootmisele. Meie v\u00e4lja\u00f5ppinud t\u00f6\u00f6tajad pakuvad t\u00e4ielikku tr\u00fckiteenust alates tr\u00fckiettevalmistusest kuni tr\u00fckkimise, pakendamise ja transpordini.<\/p>\n","protected":false},"excerpt":{"rendered":"Oleme spetsialiseerunud ajalehtede ja muude suuremahuliste reklaamtr\u00fckiste ning teise p\u00f5hitegevusena j\u00e4tkusuutlike pakendite tootmisele. Meie v\u00e4lja\u00f5ppinud t\u00f6\u00f6tajad pakuvad t\u00e4ielikku tr\u00fckiteenust alates tr\u00fckiettevalmistusest kuni tr\u00fckkimise, pakendamise ja transpordini.","protected":false},"author":1,"featured_media":2145,"parent":0,"menu_order":0,"comment_status":"closed","ping_status":"closed","template":"template-contact.php","meta":{"_acf_changed":false,"footnotes":""},"class_list":["post-1837","page","type-page","status-publish","has-post-thumbnail","hentry"],"acf":[],"yoast_head":"<!-- This site is optimized with the Yoast SEO plugin v27.5 - https:\/\/yoast.com\/product\/yoast-seo-wordpress\/ -->\n<title>Ettev\u00f5te | Kroonpress<\/title>\n<meta name=\"description\" content=\"Kroonpress on spetsialiseerunud suuremahuliste tr\u00fckiste ja keskkonnas\u00e4\u00e4stlike pakendite tootmisele. Pakendeid toodame Kroonpak nime all.\" \/>\n<meta name=\"robots\" content=\"index, follow, max-snippet:-1, max-image-preview:large, max-video-preview:-1\" \/>\n<link rel=\"canonical\" href=\"https:\/\/www.kroonpress.eu\/et\/ettevote\/\" \/>\n<meta property=\"og:locale\" content=\"et_EE\" \/>\n<meta property=\"og:type\" content=\"article\" \/>\n<meta property=\"og:title\" content=\"Ettev\u00f5te | Kroonpress\" \/>\n<meta property=\"og:description\" content=\"Kroonpress on spetsialiseerunud suuremahuliste tr\u00fckiste ja keskkonnas\u00e4\u00e4stlike pakendite tootmisele. Pakendeid toodame Kroonpak nime all.\" \/>\n<meta property=\"og:url\" content=\"https:\/\/www.kroonpress.eu\/et\/ettevote\/\" \/>\n<meta property=\"og:site_name\" content=\"Kroonpress\" \/>\n<meta property=\"article:modified_time\" content=\"2025-08-25T08:15:18+00:00\" \/>\n<meta property=\"og:image\" content=\"https:\/\/www.kroonpress.eu\/wp-content\/uploads\/2023\/04\/kroonpress_Sixten-Sepp-11-552x552-1.jpg\" \/>\n\t<meta property=\"og:image:width\" content=\"552\" \/>\n\t<meta property=\"og:image:height\" content=\"552\" \/>\n\t<meta property=\"og:image:type\" content=\"image\/jpeg\" \/>\n<meta name=\"twitter:card\" content=\"summary_large_image\" \/>\n<meta name=\"twitter:label1\" content=\"Est. reading time\" \/>\n\t<meta name=\"twitter:data1\" content=\"1 minut\" \/>\n<script type=\"application\/ld+json\" class=\"yoast-schema-graph\">{\"@context\":\"https:\\\/\\\/schema.org\",\"@graph\":[{\"@type\":\"WebPage\",\"@id\":\"https:\\\/\\\/www.kroonpress.eu\\\/et\\\/ettevote\\\/\",\"url\":\"https:\\\/\\\/www.kroonpress.eu\\\/et\\\/ettevote\\\/\",\"name\":\"Ettev\u00f5te | Kroonpress\",\"isPartOf\":{\"@id\":\"https:\\\/\\\/www.kroonpress.eu\\\/et\\\/#website\"},\"primaryImageOfPage\":{\"@id\":\"https:\\\/\\\/www.kroonpress.eu\\\/et\\\/ettevote\\\/#primaryimage\"},\"image\":{\"@id\":\"https:\\\/\\\/www.kroonpress.eu\\\/et\\\/ettevote\\\/#primaryimage\"},\"thumbnailUrl\":\"https:\\\/\\\/www.kroonpress.eu\\\/wp-content\\\/uploads\\\/2023\\\/04\\\/kroonpress_Sixten-Sepp-11-552x552-1.jpg\",\"datePublished\":\"2022-09-27T07:40:04+00:00\",\"dateModified\":\"2025-08-25T08:15:18+00:00\",\"description\":\"Kroonpress on spetsialiseerunud suuremahuliste tr\u00fckiste ja keskkonnas\u00e4\u00e4stlike pakendite tootmisele. Pakendeid toodame Kroonpak nime all.\",\"breadcrumb\":{\"@id\":\"https:\\\/\\\/www.kroonpress.eu\\\/et\\\/ettevote\\\/#breadcrumb\"},\"inLanguage\":\"et\",\"potentialAction\":[{\"@type\":\"ReadAction\",\"target\":[\"https:\\\/\\\/www.kroonpress.eu\\\/et\\\/ettevote\\\/\"]}]},{\"@type\":\"ImageObject\",\"inLanguage\":\"et\",\"@id\":\"https:\\\/\\\/www.kroonpress.eu\\\/et\\\/ettevote\\\/#primaryimage\",\"url\":\"https:\\\/\\\/www.kroonpress.eu\\\/wp-content\\\/uploads\\\/2023\\\/04\\\/kroonpress_Sixten-Sepp-11-552x552-1.jpg\",\"contentUrl\":\"https:\\\/\\\/www.kroonpress.eu\\\/wp-content\\\/uploads\\\/2023\\\/04\\\/kroonpress_Sixten-Sepp-11-552x552-1.jpg\",\"width\":552,\"height\":552},{\"@type\":\"BreadcrumbList\",\"@id\":\"https:\\\/\\\/www.kroonpress.eu\\\/et\\\/ettevote\\\/#breadcrumb\",\"itemListElement\":[{\"@type\":\"ListItem\",\"position\":1,\"name\":\"Home\",\"item\":\"https:\\\/\\\/www.kroonpress.eu\\\/et\\\/\"},{\"@type\":\"ListItem\",\"position\":2,\"name\":\"Ettev\u00f5te\"}]},{\"@type\":\"WebSite\",\"@id\":\"https:\\\/\\\/www.kroonpress.eu\\\/et\\\/#website\",\"url\":\"https:\\\/\\\/www.kroonpress.eu\\\/et\\\/\",\"name\":\"Kroonpress\",\"description\":\"Kroonpress is specialised in the production of magazines, books, catalogues, newspapers and other large-volume advertising products.\",\"publisher\":{\"@id\":\"https:\\\/\\\/www.kroonpress.eu\\\/et\\\/#organization\"},\"potentialAction\":[{\"@type\":\"SearchAction\",\"target\":{\"@type\":\"EntryPoint\",\"urlTemplate\":\"https:\\\/\\\/www.kroonpress.eu\\\/et\\\/?s={search_term_string}\"},\"query-input\":{\"@type\":\"PropertyValueSpecification\",\"valueRequired\":true,\"valueName\":\"search_term_string\"}}],\"inLanguage\":\"et\"},{\"@type\":\"Organization\",\"@id\":\"https:\\\/\\\/www.kroonpress.eu\\\/et\\\/#organization\",\"name\":\"Kroonpress AS\",\"url\":\"https:\\\/\\\/www.kroonpress.eu\\\/et\\\/\",\"logo\":{\"@type\":\"ImageObject\",\"inLanguage\":\"et\",\"@id\":\"https:\\\/\\\/www.kroonpress.eu\\\/et\\\/#\\\/schema\\\/logo\\\/image\\\/\",\"url\":\"https:\\\/\\\/www.kroonpress.eu\\\/wp-content\\\/uploads\\\/2023\\\/01\\\/Union.png\",\"contentUrl\":\"https:\\\/\\\/www.kroonpress.eu\\\/wp-content\\\/uploads\\\/2023\\\/01\\\/Union.png\",\"width\":217,\"height\":29,\"caption\":\"Kroonpress AS\"},\"image\":{\"@id\":\"https:\\\/\\\/www.kroonpress.eu\\\/et\\\/#\\\/schema\\\/logo\\\/image\\\/\"}}]}<\/script>\n<!-- \/ Yoast SEO plugin. -->","yoast_head_json":{"title":"Ettev\u00f5te | Kroonpress","description":"Kroonpress on spetsialiseerunud suuremahuliste tr\u00fckiste ja keskkonnas\u00e4\u00e4stlike pakendite tootmisele. Pakendeid toodame Kroonpak nime all.","robots":{"index":"index","follow":"follow","max-snippet":"max-snippet:-1","max-image-preview":"max-image-preview:large","max-video-preview":"max-video-preview:-1"},"canonical":"https:\/\/www.kroonpress.eu\/et\/ettevote\/","og_locale":"et_EE","og_type":"article","og_title":"Ettev\u00f5te | Kroonpress","og_description":"Kroonpress on spetsialiseerunud suuremahuliste tr\u00fckiste ja keskkonnas\u00e4\u00e4stlike pakendite tootmisele. Pakendeid toodame Kroonpak nime all.","og_url":"https:\/\/www.kroonpress.eu\/et\/ettevote\/","og_site_name":"Kroonpress","article_modified_time":"2025-08-25T08:15:18+00:00","og_image":[{"width":552,"height":552,"url":"https:\/\/www.kroonpress.eu\/wp-content\/uploads\/2023\/04\/kroonpress_Sixten-Sepp-11-552x552-1.jpg","type":"image\/jpeg"}],"twitter_card":"summary_large_image","twitter_misc":{"Est. reading time":"1 minut"},"schema":{"@context":"https:\/\/schema.org","@graph":[{"@type":"WebPage","@id":"https:\/\/www.kroonpress.eu\/et\/ettevote\/","url":"https:\/\/www.kroonpress.eu\/et\/ettevote\/","name":"Ettev\u00f5te | Kroonpress","isPartOf":{"@id":"https:\/\/www.kroonpress.eu\/et\/#website"},"primaryImageOfPage":{"@id":"https:\/\/www.kroonpress.eu\/et\/ettevote\/#primaryimage"},"image":{"@id":"https:\/\/www.kroonpress.eu\/et\/ettevote\/#primaryimage"},"thumbnailUrl":"https:\/\/www.kroonpress.eu\/wp-content\/uploads\/2023\/04\/kroonpress_Sixten-Sepp-11-552x552-1.jpg","datePublished":"2022-09-27T07:40:04+00:00","dateModified":"2025-08-25T08:15:18+00:00","description":"Kroonpress on spetsialiseerunud suuremahuliste tr\u00fckiste ja keskkonnas\u00e4\u00e4stlike pakendite tootmisele. Pakendeid toodame Kroonpak nime all.","breadcrumb":{"@id":"https:\/\/www.kroonpress.eu\/et\/ettevote\/#breadcrumb"},"inLanguage":"et","potentialAction":[{"@type":"ReadAction","target":["https:\/\/www.kroonpress.eu\/et\/ettevote\/"]}]},{"@type":"ImageObject","inLanguage":"et","@id":"https:\/\/www.kroonpress.eu\/et\/ettevote\/#primaryimage","url":"https:\/\/www.kroonpress.eu\/wp-content\/uploads\/2023\/04\/kroonpress_Sixten-Sepp-11-552x552-1.jpg","contentUrl":"https:\/\/www.kroonpress.eu\/wp-content\/uploads\/2023\/04\/kroonpress_Sixten-Sepp-11-552x552-1.jpg","width":552,"height":552},{"@type":"BreadcrumbList","@id":"https:\/\/www.kroonpress.eu\/et\/ettevote\/#breadcrumb","itemListElement":[{"@type":"ListItem","position":1,"name":"Home","item":"https:\/\/www.kroonpress.eu\/et\/"},{"@type":"ListItem","position":2,"name":"Ettev\u00f5te"}]},{"@type":"WebSite","@id":"https:\/\/www.kroonpress.eu\/et\/#website","url":"https:\/\/www.kroonpress.eu\/et\/","name":"Kroonpress","description":"Kroonpress is specialised in the production of magazines, books, catalogues, newspapers and other large-volume advertising products.","publisher":{"@id":"https:\/\/www.kroonpress.eu\/et\/#organization"},"potentialAction":[{"@type":"SearchAction","target":{"@type":"EntryPoint","urlTemplate":"https:\/\/www.kroonpress.eu\/et\/?s={search_term_string}"},"query-input":{"@type":"PropertyValueSpecification","valueRequired":true,"valueName":"search_term_string"}}],"inLanguage":"et"},{"@type":"Organization","@id":"https:\/\/www.kroonpress.eu\/et\/#organization","name":"Kroonpress AS","url":"https:\/\/www.kroonpress.eu\/et\/","logo":{"@type":"ImageObject","inLanguage":"et","@id":"https:\/\/www.kroonpress.eu\/et\/#\/schema\/logo\/image\/","url":"https:\/\/www.kroonpress.eu\/wp-content\/uploads\/2023\/01\/Union.png","contentUrl":"https:\/\/www.kroonpress.eu\/wp-content\/uploads\/2023\/01\/Union.png","width":217,"height":29,"caption":"Kroonpress AS"},"image":{"@id":"https:\/\/www.kroonpress.eu\/et\/#\/schema\/logo\/image\/"}}]}},"_links":{"self":[{"href":"https:\/\/www.kroonpress.eu\/et\/wp-json\/wp\/v2\/pages\/1837","targetHints":{"allow":["GET"]}}],"collection":[{"href":"https:\/\/www.kroonpress.eu\/et\/wp-json\/wp\/v2\/pages"}],"about":[{"href":"https:\/\/www.kroonpress.eu\/et\/wp-json\/wp\/v2\/types\/page"}],"author":[{"embeddable":true,"href":"https:\/\/www.kroonpress.eu\/et\/wp-json\/wp\/v2\/users\/1"}],"replies":[{"embeddable":true,"href":"https:\/\/www.kroonpress.eu\/et\/wp-json\/wp\/v2\/comments?post=1837"}],"version-history":[{"count":29,"href":"https:\/\/www.kroonpress.eu\/et\/wp-json\/wp\/v2\/pages\/1837\/revisions"}],"predecessor-version":[{"id":3066,"href":"https:\/\/www.kroonpress.eu\/et\/wp-json\/wp\/v2\/pages\/1837\/revisions\/3066"}],"wp:featuredmedia":[{"embeddable":true,"href":"https:\/\/www.kroonpress.eu\/et\/wp-json\/wp\/v2\/media\/2145"}],"wp:attachment":[{"href":"https:\/\/www.kroonpress.eu\/et\/wp-json\/wp\/v2\/media?parent=1837"}],"curies":[{"name":"wp","href":"https:\/\/api.w.org\/{rel}","templated":true}]}}